{"id":30966,"date":"2025-06-09T23:42:10","date_gmt":"2025-06-09T23:42:10","guid":{"rendered":"https:\/\/heavymetalonline.com.br\/?page_id=30966"},"modified":"2025-06-09T23:47:12","modified_gmt":"2025-06-09T23:47:12","slug":"30966-2","status":"publish","type":"page","link":"https:\/\/heavymetalonline.com.br\/?page_id=30966","title":{"rendered":""},"content":{"rendered":"\n<div id=\"sb_instagram\"  class=\"sbi sbi_mob_col_1 sbi_tab_col_2 sbi_col_2 sbi_width_resp\" style=\"padding-bottom: 10px;\" data-feedid=\"*1\"  data-res=\"auto\" data-cols=\"2\" data-colsmobile=\"1\" data-colstablet=\"2\" data-num=\"4\" data-nummobile=\"2\" data-item-padding=\"5\" data-shortcode-atts=\"{}\"  data-postid=\"30966\" data-locatornonce=\"cddc85caa0\" data-sbi-flags=\"favorLocal\">\n\t<div class=\"sb_instagram_header \"   >\n\t<a class=\"sbi_header_link\" target=\"_blank\" rel=\"nofollow noopener\" href=\"https:\/\/www.instagram.com\/heavy_metal_on_line\/\" title=\"@heavy_metal_on_line\">\n\t\t<div class=\"sbi_header_text\">\n\t\t\t<div class=\"sbi_header_img\"  data-avatar-url=\"https:\/\/scontent-gru2-1.cdninstagram.com\/v\/t51.2885-19\/296024339_2662447817225274_2191623061556967336_n.jpg?stp=dst-jpg_s206x206_tt6&amp;_nc_cat=111&amp;ccb=7-5&amp;_nc_sid=bf7eb4&amp;efg=eyJ2ZW5jb2RlX3RhZyI6InByb2ZpbGVfcGljLnd3dy4xMDgwLkMzIn0%3D&amp;_nc_ohc=E6-sZcfcsAQQ7kNvwEpigCv&amp;_nc_oc=AdoWH1GRUNEBbamNtCs_SDDisCHfmmS7wxtbtNf58Ekls8pe2RXSuZQbravBNGVX59g&amp;_nc_zt=24&amp;_nc_ht=scontent-gru2-1.cdninstagram.com&amp;edm=AP4hL3IEAAAA&amp;_nc_tpa=Q5bMBQFz7dNQ52s4kIUu-VK56MGJwAKsYxQd28Y29JZ9uGNXuhBPS1wsmw61OZcymFX_mo_uAgrBSA-ZuA&amp;oh=00_Af6hOinZyBODziEZKPTf5tB13TpNjVwrNW1xdBKiYfaoqg&amp;oe=69FE754C\">\n\t\t\t\t\t\t\t\t\t<div class=\"sbi_header_img_hover\"  ><svg class=\"sbi_new_logo fa-instagram fa-w-14\" aria-hidden=\"true\" data-fa-processed=\"\" aria-label=\"Instagram\" data-prefix=\"fab\" data-icon=\"instagram\" role=\"img\" viewBox=\"0 0 448 512\">\n\t                <path fill=\"currentColor\" d=\"M224.1 141c-63.6 0-114.9 51.3-114.9 114.9s51.3 114.9 114.9 114.9S339 319.5 339 255.9 287.7 141 224.1 141zm0 189.6c-41.1 0-74.7-33.5-74.7-74.7s33.5-74.7 74.7-74.7 74.7 33.5 74.7 74.7-33.6 74.7-74.7 74.7zm146.4-194.3c0 14.9-12 26.8-26.8 26.8-14.9 0-26.8-12-26.8-26.8s12-26.8 26.8-26.8 26.8 12 26.8 26.8zm76.1 27.2c-1.7-35.9-9.9-67.7-36.2-93.9-26.2-26.2-58-34.4-93.9-36.2-37-2.1-147.9-2.1-184.9 0-35.8 1.7-67.6 9.9-93.9 36.1s-34.4 58-36.2 93.9c-2.1 37-2.1 147.9 0 184.9 1.7 35.9 9.9 67.7 36.2 93.9s58 34.4 93.9 36.2c37 2.1 147.9 2.1 184.9 0 35.9-1.7 67.7-9.9 93.9-36.2 26.2-26.2 34.4-58 36.2-93.9 2.1-37 2.1-147.8 0-184.8zM398.8 388c-7.8 19.6-22.9 34.7-42.6 42.6-29.5 11.7-99.5 9-132.1 9s-102.7 2.6-132.1-9c-19.6-7.8-34.7-22.9-42.6-42.6-11.7-29.5-9-99.5-9-132.1s-2.6-102.7 9-132.1c7.8-19.6 22.9-34.7 42.6-42.6 29.5-11.7 99.5-9 132.1-9s102.7-2.6 132.1 9c19.6 7.8 34.7 22.9 42.6 42.6 11.7 29.5 9 99.5 9 132.1s2.7 102.7-9 132.1z\"><\/path>\n\t            <\/svg><\/div>\n\t\t\t\t\t<img loading=\"lazy\" decoding=\"async\"  src=\"https:\/\/heavymetalonline.com.br\/wp-content\/uploads\/sb-instagram-feed-images\/heavy_metal_on_line.webp\" alt=\"Heavy Metal On Line\" width=\"50\" height=\"50\">\n\t\t\t\t\t\t\t\t\t\t\t<\/div>\n\n\t\t\t<div class=\"sbi_feedtheme_header_text\">\n\t\t\t\t<h3>heavy_metal_on_line<\/h3>\n\t\t\t\t\t\t\t\t\t<p class=\"sbi_bio\">Programa dedicado a divulgac\u0327a\u0303o de bandas de Heavy Metal do Brasil !!!<\/p>\n\t\t\t\t\t\t\t<\/div>\n\t\t<\/div>\n\t<\/a>\n<\/div>\n\n    <div id=\"sbi_images\"  style=\"gap: 10px;\">\n\t\t<div class=\"sbi_item sbi_type_video sbi_new sbi_transition\" id=\"sbi_18044371508555566\" data-date=\"1777857862\">\n    <div class=\"sbi_photo_wrap\">\n        <a class=\"sbi_photo\" href=\"https:\/\/www.instagram.com\/reel\/DX5emfZC1Sz\/\" target=\"_blank\" rel=\"noopener nofollow\" data-full-res=\"https:\/\/scontent-gru2-1.cdninstagram.com\/v\/t51.71878-15\/686180236_805977852307470_1716375522727019684_n.jpg?stp=dst-jpg_e35_tt6&#038;_nc_cat=111&#038;ccb=7-5&#038;_nc_sid=18de74&#038;efg=eyJlZmdfdGFnIjoiQ0xJUFMuYmVzdF9pbWFnZV91cmxnZW4uQzMifQ%3D%3D&#038;_nc_ohc=gwZfi_Wltc0Q7kNvwF2jfYW&#038;_nc_oc=AdpSWKxW0Fofp6aWq5iZzKuCZzbE_wzq530XmoTE55qUQDufVsDR4OUqEejREyzsb2s&#038;_nc_zt=23&#038;_nc_ht=scontent-gru2-1.cdninstagram.com&#038;edm=ANo9K5cEAAAA&#038;_nc_gid=9L3UBUbHr94Qv482nKzMxg&#038;_nc_tpa=Q5bMBQGgoHHnzEVnsSP2uC1dPFMx1JO55CHz1AtmASarnnVpRmv3yq7oOxmXsqv3wzPe4AKworrEDi1ZIQ&#038;oh=00_Af4O4w4q3WM1lfZ3s-4LLR9RwOxB8HgesX_8jBg_oNNVJA&#038;oe=69FE5171\" data-img-src-set=\"{&quot;d&quot;:&quot;https:\\\/\\\/scontent-gru2-1.cdninstagram.com\\\/v\\\/t51.71878-15\\\/686180236_805977852307470_1716375522727019684_n.jpg?stp=dst-jpg_e35_tt6&amp;_nc_cat=111&amp;ccb=7-5&amp;_nc_sid=18de74&amp;efg=eyJlZmdfdGFnIjoiQ0xJUFMuYmVzdF9pbWFnZV91cmxnZW4uQzMifQ%3D%3D&amp;_nc_ohc=gwZfi_Wltc0Q7kNvwF2jfYW&amp;_nc_oc=AdpSWKxW0Fofp6aWq5iZzKuCZzbE_wzq530XmoTE55qUQDufVsDR4OUqEejREyzsb2s&amp;_nc_zt=23&amp;_nc_ht=scontent-gru2-1.cdninstagram.com&amp;edm=ANo9K5cEAAAA&amp;_nc_gid=9L3UBUbHr94Qv482nKzMxg&amp;_nc_tpa=Q5bMBQGgoHHnzEVnsSP2uC1dPFMx1JO55CHz1AtmASarnnVpRmv3yq7oOxmXsqv3wzPe4AKworrEDi1ZIQ&amp;oh=00_Af4O4w4q3WM1lfZ3s-4LLR9RwOxB8HgesX_8jBg_oNNVJA&amp;oe=69FE5171&quot;,&quot;150&quot;:&quot;https:\\\/\\\/scontent-gru2-1.cdninstagram.com\\\/v\\\/t51.71878-15\\\/686180236_805977852307470_1716375522727019684_n.jpg?stp=dst-jpg_e35_tt6&amp;_nc_cat=111&amp;ccb=7-5&amp;_nc_sid=18de74&amp;efg=eyJlZmdfdGFnIjoiQ0xJUFMuYmVzdF9pbWFnZV91cmxnZW4uQzMifQ%3D%3D&amp;_nc_ohc=gwZfi_Wltc0Q7kNvwF2jfYW&amp;_nc_oc=AdpSWKxW0Fofp6aWq5iZzKuCZzbE_wzq530XmoTE55qUQDufVsDR4OUqEejREyzsb2s&amp;_nc_zt=23&amp;_nc_ht=scontent-gru2-1.cdninstagram.com&amp;edm=ANo9K5cEAAAA&amp;_nc_gid=9L3UBUbHr94Qv482nKzMxg&amp;_nc_tpa=Q5bMBQGgoHHnzEVnsSP2uC1dPFMx1JO55CHz1AtmASarnnVpRmv3yq7oOxmXsqv3wzPe4AKworrEDi1ZIQ&amp;oh=00_Af4O4w4q3WM1lfZ3s-4LLR9RwOxB8HgesX_8jBg_oNNVJA&amp;oe=69FE5171&quot;,&quot;320&quot;:&quot;https:\\\/\\\/scontent-gru2-1.cdninstagram.com\\\/v\\\/t51.71878-15\\\/686180236_805977852307470_1716375522727019684_n.jpg?stp=dst-jpg_e35_tt6&amp;_nc_cat=111&amp;ccb=7-5&amp;_nc_sid=18de74&amp;efg=eyJlZmdfdGFnIjoiQ0xJUFMuYmVzdF9pbWFnZV91cmxnZW4uQzMifQ%3D%3D&amp;_nc_ohc=gwZfi_Wltc0Q7kNvwF2jfYW&amp;_nc_oc=AdpSWKxW0Fofp6aWq5iZzKuCZzbE_wzq530XmoTE55qUQDufVsDR4OUqEejREyzsb2s&amp;_nc_zt=23&amp;_nc_ht=scontent-gru2-1.cdninstagram.com&amp;edm=ANo9K5cEAAAA&amp;_nc_gid=9L3UBUbHr94Qv482nKzMxg&amp;_nc_tpa=Q5bMBQGgoHHnzEVnsSP2uC1dPFMx1JO55CHz1AtmASarnnVpRmv3yq7oOxmXsqv3wzPe4AKworrEDi1ZIQ&amp;oh=00_Af4O4w4q3WM1lfZ3s-4LLR9RwOxB8HgesX_8jBg_oNNVJA&amp;oe=69FE5171&quot;,&quot;640&quot;:&quot;https:\\\/\\\/scontent-gru2-1.cdninstagram.com\\\/v\\\/t51.71878-15\\\/686180236_805977852307470_1716375522727019684_n.jpg?stp=dst-jpg_e35_tt6&amp;_nc_cat=111&amp;ccb=7-5&amp;_nc_sid=18de74&amp;efg=eyJlZmdfdGFnIjoiQ0xJUFMuYmVzdF9pbWFnZV91cmxnZW4uQzMifQ%3D%3D&amp;_nc_ohc=gwZfi_Wltc0Q7kNvwF2jfYW&amp;_nc_oc=AdpSWKxW0Fofp6aWq5iZzKuCZzbE_wzq530XmoTE55qUQDufVsDR4OUqEejREyzsb2s&amp;_nc_zt=23&amp;_nc_ht=scontent-gru2-1.cdninstagram.com&amp;edm=ANo9K5cEAAAA&amp;_nc_gid=9L3UBUbHr94Qv482nKzMxg&amp;_nc_tpa=Q5bMBQGgoHHnzEVnsSP2uC1dPFMx1JO55CHz1AtmASarnnVpRmv3yq7oOxmXsqv3wzPe4AKworrEDi1ZIQ&amp;oh=00_Af4O4w4q3WM1lfZ3s-4LLR9RwOxB8HgesX_8jBg_oNNVJA&amp;oe=69FE5171&quot;}\">\n            <span class=\"sbi-screenreader\">Com uma carreira consolidada no circuito undergrou<\/span>\n            \t        <svg style=\"color: rgba(255,255,255,1)\" class=\"svg-inline--fa fa-play fa-w-14 sbi_playbtn\" aria-label=\"Play\" aria-hidden=\"true\" data-fa-processed=\"\" data-prefix=\"fa\" data-icon=\"play\" role=\"presentation\" xmlns=\"http:\/\/www.w3.org\/2000\/svg\" viewBox=\"0 0 448 512\"><path fill=\"currentColor\" d=\"M424.4 214.7L72.4 6.6C43.8-10.3 0 6.1 0 47.9V464c0 37.5 40.7 60.1 72.4 41.3l352-208c31.4-18.5 31.5-64.1 0-82.6z\"><\/path><\/svg>            <img decoding=\"async\" src=\"https:\/\/heavymetalonline.com.br\/wp-content\/plugins\/instagram-feed\/img\/placeholder.png\" alt=\"Com uma carreira consolidada no circuito underground mundial, o Midnight carrega uma legi\u00e3o de f\u00e3s fi\u00e9is gra\u00e7as a \u00e1lbuns intensos e apresenta\u00e7\u00f5es ao vivo explosivas. \n\nA banda se apresentou neste domingo no @koolmetalfest em S\u00e3o Paulo ao lado de grandes nomes do metal underground.\n\n@phanepunks \nVelho\n@warshippermetal \n@burninghousesp\">\n        <\/a>\n    <\/div>\n<\/div><div class=\"sbi_item sbi_type_video sbi_new sbi_transition\" id=\"sbi_18088804643015772\" data-date=\"1777823773\">\n    <div class=\"sbi_photo_wrap\">\n        <a class=\"sbi_photo\" href=\"https:\/\/www.instagram.com\/reel\/DX4dm8pOyAb\/\" target=\"_blank\" rel=\"noopener nofollow\" data-full-res=\"https:\/\/scontent-gru1-2.cdninstagram.com\/v\/t51.82787-15\/684670186_18590533309033478_7669082507048156873_n.jpg?stp=dst-jpg_e35_tt6&#038;_nc_cat=108&#038;ccb=7-5&#038;_nc_sid=18de74&#038;efg=eyJlZmdfdGFnIjoiQ0xJUFMuYmVzdF9pbWFnZV91cmxnZW4uQzMifQ%3D%3D&#038;_nc_ohc=wIUGl6oBHPYQ7kNvwGUmw2o&#038;_nc_oc=AdrSxX28RHuPEBMUxeiKbM7NQx8KA2LynUDYbihtrEF0anH6paKEPktPbt0VTxLZckg&#038;_nc_zt=23&#038;_nc_ht=scontent-gru1-2.cdninstagram.com&#038;edm=ANo9K5cEAAAA&#038;_nc_gid=9L3UBUbHr94Qv482nKzMxg&#038;_nc_tpa=Q5bMBQG6lhOXTF9o1t-r6z8eSHmTUeNrepzgmrAQSScYyZsQ2mgBB-WkbvsopCOmgeRggfvhXuP1ixBGtA&#038;oh=00_Af6qqX5PkDfnDeHh_eRcNhsr29kA_nRFmy2lc7xm8y0Shg&#038;oe=69FE548E\" data-img-src-set=\"{&quot;d&quot;:&quot;https:\\\/\\\/scontent-gru1-2.cdninstagram.com\\\/v\\\/t51.82787-15\\\/684670186_18590533309033478_7669082507048156873_n.jpg?stp=dst-jpg_e35_tt6&amp;_nc_cat=108&amp;ccb=7-5&amp;_nc_sid=18de74&amp;efg=eyJlZmdfdGFnIjoiQ0xJUFMuYmVzdF9pbWFnZV91cmxnZW4uQzMifQ%3D%3D&amp;_nc_ohc=wIUGl6oBHPYQ7kNvwGUmw2o&amp;_nc_oc=AdrSxX28RHuPEBMUxeiKbM7NQx8KA2LynUDYbihtrEF0anH6paKEPktPbt0VTxLZckg&amp;_nc_zt=23&amp;_nc_ht=scontent-gru1-2.cdninstagram.com&amp;edm=ANo9K5cEAAAA&amp;_nc_gid=9L3UBUbHr94Qv482nKzMxg&amp;_nc_tpa=Q5bMBQG6lhOXTF9o1t-r6z8eSHmTUeNrepzgmrAQSScYyZsQ2mgBB-WkbvsopCOmgeRggfvhXuP1ixBGtA&amp;oh=00_Af6qqX5PkDfnDeHh_eRcNhsr29kA_nRFmy2lc7xm8y0Shg&amp;oe=69FE548E&quot;,&quot;150&quot;:&quot;https:\\\/\\\/scontent-gru1-2.cdninstagram.com\\\/v\\\/t51.82787-15\\\/684670186_18590533309033478_7669082507048156873_n.jpg?stp=dst-jpg_e35_tt6&amp;_nc_cat=108&amp;ccb=7-5&amp;_nc_sid=18de74&amp;efg=eyJlZmdfdGFnIjoiQ0xJUFMuYmVzdF9pbWFnZV91cmxnZW4uQzMifQ%3D%3D&amp;_nc_ohc=wIUGl6oBHPYQ7kNvwGUmw2o&amp;_nc_oc=AdrSxX28RHuPEBMUxeiKbM7NQx8KA2LynUDYbihtrEF0anH6paKEPktPbt0VTxLZckg&amp;_nc_zt=23&amp;_nc_ht=scontent-gru1-2.cdninstagram.com&amp;edm=ANo9K5cEAAAA&amp;_nc_gid=9L3UBUbHr94Qv482nKzMxg&amp;_nc_tpa=Q5bMBQG6lhOXTF9o1t-r6z8eSHmTUeNrepzgmrAQSScYyZsQ2mgBB-WkbvsopCOmgeRggfvhXuP1ixBGtA&amp;oh=00_Af6qqX5PkDfnDeHh_eRcNhsr29kA_nRFmy2lc7xm8y0Shg&amp;oe=69FE548E&quot;,&quot;320&quot;:&quot;https:\\\/\\\/scontent-gru1-2.cdninstagram.com\\\/v\\\/t51.82787-15\\\/684670186_18590533309033478_7669082507048156873_n.jpg?stp=dst-jpg_e35_tt6&amp;_nc_cat=108&amp;ccb=7-5&amp;_nc_sid=18de74&amp;efg=eyJlZmdfdGFnIjoiQ0xJUFMuYmVzdF9pbWFnZV91cmxnZW4uQzMifQ%3D%3D&amp;_nc_ohc=wIUGl6oBHPYQ7kNvwGUmw2o&amp;_nc_oc=AdrSxX28RHuPEBMUxeiKbM7NQx8KA2LynUDYbihtrEF0anH6paKEPktPbt0VTxLZckg&amp;_nc_zt=23&amp;_nc_ht=scontent-gru1-2.cdninstagram.com&amp;edm=ANo9K5cEAAAA&amp;_nc_gid=9L3UBUbHr94Qv482nKzMxg&amp;_nc_tpa=Q5bMBQG6lhOXTF9o1t-r6z8eSHmTUeNrepzgmrAQSScYyZsQ2mgBB-WkbvsopCOmgeRggfvhXuP1ixBGtA&amp;oh=00_Af6qqX5PkDfnDeHh_eRcNhsr29kA_nRFmy2lc7xm8y0Shg&amp;oe=69FE548E&quot;,&quot;640&quot;:&quot;https:\\\/\\\/scontent-gru1-2.cdninstagram.com\\\/v\\\/t51.82787-15\\\/684670186_18590533309033478_7669082507048156873_n.jpg?stp=dst-jpg_e35_tt6&amp;_nc_cat=108&amp;ccb=7-5&amp;_nc_sid=18de74&amp;efg=eyJlZmdfdGFnIjoiQ0xJUFMuYmVzdF9pbWFnZV91cmxnZW4uQzMifQ%3D%3D&amp;_nc_ohc=wIUGl6oBHPYQ7kNvwGUmw2o&amp;_nc_oc=AdrSxX28RHuPEBMUxeiKbM7NQx8KA2LynUDYbihtrEF0anH6paKEPktPbt0VTxLZckg&amp;_nc_zt=23&amp;_nc_ht=scontent-gru1-2.cdninstagram.com&amp;edm=ANo9K5cEAAAA&amp;_nc_gid=9L3UBUbHr94Qv482nKzMxg&amp;_nc_tpa=Q5bMBQG6lhOXTF9o1t-r6z8eSHmTUeNrepzgmrAQSScYyZsQ2mgBB-WkbvsopCOmgeRggfvhXuP1ixBGtA&amp;oh=00_Af6qqX5PkDfnDeHh_eRcNhsr29kA_nRFmy2lc7xm8y0Shg&amp;oe=69FE548E&quot;}\">\n            <span class=\"sbi-screenreader\">Mini document\u00e1rio sobre a passagem do @overdose_b<\/span>\n            \t        <svg style=\"color: rgba(255,255,255,1)\" class=\"svg-inline--fa fa-play fa-w-14 sbi_playbtn\" aria-label=\"Play\" aria-hidden=\"true\" data-fa-processed=\"\" data-prefix=\"fa\" data-icon=\"play\" role=\"presentation\" xmlns=\"http:\/\/www.w3.org\/2000\/svg\" viewBox=\"0 0 448 512\"><path fill=\"currentColor\" d=\"M424.4 214.7L72.4 6.6C43.8-10.3 0 6.1 0 47.9V464c0 37.5 40.7 60.1 72.4 41.3l352-208c31.4-18.5 31.5-64.1 0-82.6z\"><\/path><\/svg>            <img decoding=\"async\" src=\"https:\/\/heavymetalonline.com.br\/wp-content\/plugins\/instagram-feed\/img\/placeholder.png\" alt=\"Mini document\u00e1rio sobre a passagem do @overdose_banda no @bangersopenair est\u00e1 no canal do YouTube do @heavy_metal_on_line \n\nConfira completo l\u00e1!!!\">\n        <\/a>\n    <\/div>\n<\/div><div class=\"sbi_item sbi_type_carousel sbi_new sbi_transition\" id=\"sbi_17883494853397439\" data-date=\"1777758969\">\n    <div class=\"sbi_photo_wrap\">\n        <a class=\"sbi_photo\" href=\"https:\/\/www.instagram.com\/p\/DX2iYPJD3CK\/\" target=\"_blank\" rel=\"noopener nofollow\" data-full-res=\"https:\/\/scontent-gru2-1.cdninstagram.com\/v\/t51.82787-15\/686992179_18590333611033478_656272951330474117_n.heic?stp=dst-jpg_e35_tt6&#038;_nc_cat=109&#038;ccb=7-5&#038;_nc_sid=18de74&#038;efg=eyJlZmdfdGFnIjoiQ0FST1VTRUxfSVRFTS5iZXN0X2ltYWdlX3VybGdlbi5DMyJ9&#038;_nc_ohc=LJCyccr_KpYQ7kNvwGetGle&#038;_nc_oc=Adq4zijfHyYbaYWcMyMQhZkf6zC_FMeTVtqcpirOoozw9457LJQ5Tyg8Mbh0iNCerxg&#038;_nc_zt=23&#038;_nc_ht=scontent-gru2-1.cdninstagram.com&#038;edm=ANo9K5cEAAAA&#038;_nc_gid=9L3UBUbHr94Qv482nKzMxg&#038;_nc_tpa=Q5bMBQEmL6VlreGMrJAgfwMxrEnFQ6HmH-6sbxQCQ13Eek0R9fn5wKm1-SyipWiTeusEek27Ae8PELkUOg&#038;oh=00_Af7JiutV4S4kVGC-opyJjYKU_9H5gP1HEpUzFEnNVUCh5Q&#038;oe=69FE4B6A\" data-img-src-set=\"{&quot;d&quot;:&quot;https:\\\/\\\/scontent-gru2-1.cdninstagram.com\\\/v\\\/t51.82787-15\\\/686992179_18590333611033478_656272951330474117_n.heic?stp=dst-jpg_e35_tt6&amp;_nc_cat=109&amp;ccb=7-5&amp;_nc_sid=18de74&amp;efg=eyJlZmdfdGFnIjoiQ0FST1VTRUxfSVRFTS5iZXN0X2ltYWdlX3VybGdlbi5DMyJ9&amp;_nc_ohc=LJCyccr_KpYQ7kNvwGetGle&amp;_nc_oc=Adq4zijfHyYbaYWcMyMQhZkf6zC_FMeTVtqcpirOoozw9457LJQ5Tyg8Mbh0iNCerxg&amp;_nc_zt=23&amp;_nc_ht=scontent-gru2-1.cdninstagram.com&amp;edm=ANo9K5cEAAAA&amp;_nc_gid=9L3UBUbHr94Qv482nKzMxg&amp;_nc_tpa=Q5bMBQEmL6VlreGMrJAgfwMxrEnFQ6HmH-6sbxQCQ13Eek0R9fn5wKm1-SyipWiTeusEek27Ae8PELkUOg&amp;oh=00_Af7JiutV4S4kVGC-opyJjYKU_9H5gP1HEpUzFEnNVUCh5Q&amp;oe=69FE4B6A&quot;,&quot;150&quot;:&quot;https:\\\/\\\/scontent-gru2-1.cdninstagram.com\\\/v\\\/t51.82787-15\\\/686992179_18590333611033478_656272951330474117_n.heic?stp=dst-jpg_e35_tt6&amp;_nc_cat=109&amp;ccb=7-5&amp;_nc_sid=18de74&amp;efg=eyJlZmdfdGFnIjoiQ0FST1VTRUxfSVRFTS5iZXN0X2ltYWdlX3VybGdlbi5DMyJ9&amp;_nc_ohc=LJCyccr_KpYQ7kNvwGetGle&amp;_nc_oc=Adq4zijfHyYbaYWcMyMQhZkf6zC_FMeTVtqcpirOoozw9457LJQ5Tyg8Mbh0iNCerxg&amp;_nc_zt=23&amp;_nc_ht=scontent-gru2-1.cdninstagram.com&amp;edm=ANo9K5cEAAAA&amp;_nc_gid=9L3UBUbHr94Qv482nKzMxg&amp;_nc_tpa=Q5bMBQEmL6VlreGMrJAgfwMxrEnFQ6HmH-6sbxQCQ13Eek0R9fn5wKm1-SyipWiTeusEek27Ae8PELkUOg&amp;oh=00_Af7JiutV4S4kVGC-opyJjYKU_9H5gP1HEpUzFEnNVUCh5Q&amp;oe=69FE4B6A&quot;,&quot;320&quot;:&quot;https:\\\/\\\/scontent-gru2-1.cdninstagram.com\\\/v\\\/t51.82787-15\\\/686992179_18590333611033478_656272951330474117_n.heic?stp=dst-jpg_e35_tt6&amp;_nc_cat=109&amp;ccb=7-5&amp;_nc_sid=18de74&amp;efg=eyJlZmdfdGFnIjoiQ0FST1VTRUxfSVRFTS5iZXN0X2ltYWdlX3VybGdlbi5DMyJ9&amp;_nc_ohc=LJCyccr_KpYQ7kNvwGetGle&amp;_nc_oc=Adq4zijfHyYbaYWcMyMQhZkf6zC_FMeTVtqcpirOoozw9457LJQ5Tyg8Mbh0iNCerxg&amp;_nc_zt=23&amp;_nc_ht=scontent-gru2-1.cdninstagram.com&amp;edm=ANo9K5cEAAAA&amp;_nc_gid=9L3UBUbHr94Qv482nKzMxg&amp;_nc_tpa=Q5bMBQEmL6VlreGMrJAgfwMxrEnFQ6HmH-6sbxQCQ13Eek0R9fn5wKm1-SyipWiTeusEek27Ae8PELkUOg&amp;oh=00_Af7JiutV4S4kVGC-opyJjYKU_9H5gP1HEpUzFEnNVUCh5Q&amp;oe=69FE4B6A&quot;,&quot;640&quot;:&quot;https:\\\/\\\/scontent-gru2-1.cdninstagram.com\\\/v\\\/t51.82787-15\\\/686992179_18590333611033478_656272951330474117_n.heic?stp=dst-jpg_e35_tt6&amp;_nc_cat=109&amp;ccb=7-5&amp;_nc_sid=18de74&amp;efg=eyJlZmdfdGFnIjoiQ0FST1VTRUxfSVRFTS5iZXN0X2ltYWdlX3VybGdlbi5DMyJ9&amp;_nc_ohc=LJCyccr_KpYQ7kNvwGetGle&amp;_nc_oc=Adq4zijfHyYbaYWcMyMQhZkf6zC_FMeTVtqcpirOoozw9457LJQ5Tyg8Mbh0iNCerxg&amp;_nc_zt=23&amp;_nc_ht=scontent-gru2-1.cdninstagram.com&amp;edm=ANo9K5cEAAAA&amp;_nc_gid=9L3UBUbHr94Qv482nKzMxg&amp;_nc_tpa=Q5bMBQEmL6VlreGMrJAgfwMxrEnFQ6HmH-6sbxQCQ13Eek0R9fn5wKm1-SyipWiTeusEek27Ae8PELkUOg&amp;oh=00_Af7JiutV4S4kVGC-opyJjYKU_9H5gP1HEpUzFEnNVUCh5Q&amp;oe=69FE4B6A&quot;}\">\n            <span class=\"sbi-screenreader\">O Mini Document\u00e1rio sobre o @overdose_banda no @b<\/span>\n            <svg class=\"svg-inline--fa fa-clone fa-w-16 sbi_lightbox_carousel_icon\" aria-hidden=\"true\" aria-label=\"Clone\" data-fa-pro\u0192cessed=\"\" data-prefix=\"far\" data-icon=\"clone\" role=\"img\" xmlns=\"http:\/\/www.w3.org\/2000\/svg\" viewBox=\"0 0 512 512\">\n\t                <path fill=\"currentColor\" d=\"M464 0H144c-26.51 0-48 21.49-48 48v48H48c-26.51 0-48 21.49-48 48v320c0 26.51 21.49 48 48 48h320c26.51 0 48-21.49 48-48v-48h48c26.51 0 48-21.49 48-48V48c0-26.51-21.49-48-48-48zM362 464H54a6 6 0 0 1-6-6V150a6 6 0 0 1 6-6h42v224c0 26.51 21.49 48 48 48h224v42a6 6 0 0 1-6 6zm96-96H150a6 6 0 0 1-6-6V54a6 6 0 0 1 6-6h308a6 6 0 0 1 6 6v308a6 6 0 0 1-6 6z\"><\/path>\n\t            <\/svg>\t                    <img decoding=\"async\" src=\"https:\/\/heavymetalonline.com.br\/wp-content\/plugins\/instagram-feed\/img\/placeholder.png\" alt=\"O Mini Document\u00e1rio sobre o @overdose_banda no @bangersopenair j\u00e1 est\u00e1 em nosso canal do YouTube...\n\nCorre l\u00e1 e confira !!!\">\n        <\/a>\n    <\/div>\n<\/div><div class=\"sbi_item sbi_type_image sbi_new sbi_transition\" id=\"sbi_17871743334606893\" data-date=\"1777659465\">\n    <div class=\"sbi_photo_wrap\">\n        <a class=\"sbi_photo\" href=\"https:\/\/www.instagram.com\/p\/DXzklw8GDTm\/\" target=\"_blank\" rel=\"noopener nofollow\" data-full-res=\"https:\/\/scontent-gru2-1.cdninstagram.com\/v\/t51.82787-15\/681554598_18589998013033478_2070544780510633415_n.webp?stp=dst-jpg_e35_tt6&#038;_nc_cat=109&#038;ccb=7-5&#038;_nc_sid=18de74&#038;efg=eyJlZmdfdGFnIjoiRkVFRC5iZXN0X2ltYWdlX3VybGdlbi5DMyJ9&#038;_nc_ohc=JYuBF25rwZkQ7kNvwEgnq2-&#038;_nc_oc=AdrdISFj2tcDK5OADXbNjzTISSiIC0Ez1jxSpGbYHXQwd6Qd8StvZSo29ytonbikIHg&#038;_nc_zt=23&#038;_nc_ht=scontent-gru2-1.cdninstagram.com&#038;edm=ANo9K5cEAAAA&#038;_nc_gid=9L3UBUbHr94Qv482nKzMxg&#038;_nc_tpa=Q5bMBQF5EOYvp-AmovIW9jvU-_sDmokJJOhkAhz2fDzYaL6Rb231JjDgGtS8pirv87ZAr3NjCSXcsuSJ1w&#038;oh=00_Af4dfZqK8xo11kxWjOLapJvujW76pdEdiJF_MUbvNCxUFA&#038;oe=69FE4A67\" data-img-src-set=\"{&quot;d&quot;:&quot;https:\\\/\\\/scontent-gru2-1.cdninstagram.com\\\/v\\\/t51.82787-15\\\/681554598_18589998013033478_2070544780510633415_n.webp?stp=dst-jpg_e35_tt6&amp;_nc_cat=109&amp;ccb=7-5&amp;_nc_sid=18de74&amp;efg=eyJlZmdfdGFnIjoiRkVFRC5iZXN0X2ltYWdlX3VybGdlbi5DMyJ9&amp;_nc_ohc=JYuBF25rwZkQ7kNvwEgnq2-&amp;_nc_oc=AdrdISFj2tcDK5OADXbNjzTISSiIC0Ez1jxSpGbYHXQwd6Qd8StvZSo29ytonbikIHg&amp;_nc_zt=23&amp;_nc_ht=scontent-gru2-1.cdninstagram.com&amp;edm=ANo9K5cEAAAA&amp;_nc_gid=9L3UBUbHr94Qv482nKzMxg&amp;_nc_tpa=Q5bMBQF5EOYvp-AmovIW9jvU-_sDmokJJOhkAhz2fDzYaL6Rb231JjDgGtS8pirv87ZAr3NjCSXcsuSJ1w&amp;oh=00_Af4dfZqK8xo11kxWjOLapJvujW76pdEdiJF_MUbvNCxUFA&amp;oe=69FE4A67&quot;,&quot;150&quot;:&quot;https:\\\/\\\/scontent-gru2-1.cdninstagram.com\\\/v\\\/t51.82787-15\\\/681554598_18589998013033478_2070544780510633415_n.webp?stp=dst-jpg_e35_tt6&amp;_nc_cat=109&amp;ccb=7-5&amp;_nc_sid=18de74&amp;efg=eyJlZmdfdGFnIjoiRkVFRC5iZXN0X2ltYWdlX3VybGdlbi5DMyJ9&amp;_nc_ohc=JYuBF25rwZkQ7kNvwEgnq2-&amp;_nc_oc=AdrdISFj2tcDK5OADXbNjzTISSiIC0Ez1jxSpGbYHXQwd6Qd8StvZSo29ytonbikIHg&amp;_nc_zt=23&amp;_nc_ht=scontent-gru2-1.cdninstagram.com&amp;edm=ANo9K5cEAAAA&amp;_nc_gid=9L3UBUbHr94Qv482nKzMxg&amp;_nc_tpa=Q5bMBQF5EOYvp-AmovIW9jvU-_sDmokJJOhkAhz2fDzYaL6Rb231JjDgGtS8pirv87ZAr3NjCSXcsuSJ1w&amp;oh=00_Af4dfZqK8xo11kxWjOLapJvujW76pdEdiJF_MUbvNCxUFA&amp;oe=69FE4A67&quot;,&quot;320&quot;:&quot;https:\\\/\\\/scontent-gru2-1.cdninstagram.com\\\/v\\\/t51.82787-15\\\/681554598_18589998013033478_2070544780510633415_n.webp?stp=dst-jpg_e35_tt6&amp;_nc_cat=109&amp;ccb=7-5&amp;_nc_sid=18de74&amp;efg=eyJlZmdfdGFnIjoiRkVFRC5iZXN0X2ltYWdlX3VybGdlbi5DMyJ9&amp;_nc_ohc=JYuBF25rwZkQ7kNvwEgnq2-&amp;_nc_oc=AdrdISFj2tcDK5OADXbNjzTISSiIC0Ez1jxSpGbYHXQwd6Qd8StvZSo29ytonbikIHg&amp;_nc_zt=23&amp;_nc_ht=scontent-gru2-1.cdninstagram.com&amp;edm=ANo9K5cEAAAA&amp;_nc_gid=9L3UBUbHr94Qv482nKzMxg&amp;_nc_tpa=Q5bMBQF5EOYvp-AmovIW9jvU-_sDmokJJOhkAhz2fDzYaL6Rb231JjDgGtS8pirv87ZAr3NjCSXcsuSJ1w&amp;oh=00_Af4dfZqK8xo11kxWjOLapJvujW76pdEdiJF_MUbvNCxUFA&amp;oe=69FE4A67&quot;,&quot;640&quot;:&quot;https:\\\/\\\/scontent-gru2-1.cdninstagram.com\\\/v\\\/t51.82787-15\\\/681554598_18589998013033478_2070544780510633415_n.webp?stp=dst-jpg_e35_tt6&amp;_nc_cat=109&amp;ccb=7-5&amp;_nc_sid=18de74&amp;efg=eyJlZmdfdGFnIjoiRkVFRC5iZXN0X2ltYWdlX3VybGdlbi5DMyJ9&amp;_nc_ohc=JYuBF25rwZkQ7kNvwEgnq2-&amp;_nc_oc=AdrdISFj2tcDK5OADXbNjzTISSiIC0Ez1jxSpGbYHXQwd6Qd8StvZSo29ytonbikIHg&amp;_nc_zt=23&amp;_nc_ht=scontent-gru2-1.cdninstagram.com&amp;edm=ANo9K5cEAAAA&amp;_nc_gid=9L3UBUbHr94Qv482nKzMxg&amp;_nc_tpa=Q5bMBQF5EOYvp-AmovIW9jvU-_sDmokJJOhkAhz2fDzYaL6Rb231JjDgGtS8pirv87ZAr3NjCSXcsuSJ1w&amp;oh=00_Af4dfZqK8xo11kxWjOLapJvujW76pdEdiJF_MUbvNCxUFA&amp;oe=69FE4A67&quot;}\">\n            <span class=\"sbi-screenreader\">VEM SHOWZ\u00c3O POR A\u00cd \ud83e\udd1f\n\nAs produtoras Venus Con<\/span>\n            \t                    <img decoding=\"async\" src=\"https:\/\/heavymetalonline.com.br\/wp-content\/plugins\/instagram-feed\/img\/placeholder.png\" alt=\"VEM SHOWZ\u00c3O POR A\u00cd \ud83e\udd1f\n\nAs produtoras Venus Concerts e Caveira Velha apresentam no Brasil, entre outubro e novembro de 2026, a in\u00e9dita turn\u00ea da cl\u00e1ssica banda norte-americana Six Feet Under, nome ligado diretamente \u00e0 hist\u00f3ria do death metal surgido na Fl\u00f3rida nos anos 1990 e formada por Chris Barnes, o vocalista original do Cannibal Corpse. \ud83d\udca5\n\nIngressos \u00e0 venda em @101ticketsbr\n\nA turn\u00ea passar\u00e1 por quatro capitais: Belo Horizonte (MG), no dia 30 de outubro, no Mister Rock; Recife (PE), no dia 31 de outubro, no Lounge Music; S\u00e3o Paulo (SP), no dia 1\u00ba de novembro, no Hangar 110; e Curitiba (PR), no dia 2 de novembro, no Tork N\u2019 Roll.\n\nA passagem pelo pa\u00eds, como parte de uma extensa turn\u00ea pela Am\u00e9rica Latina, acontece em uma fase de retomada criativa e atividade internacional do Six Feet Under, que acaba de lan\u00e7ar o \u00e1lbum Next to Die, pela Metal Blade Records.\n\nO disco sucede Killing for Revenge, de 2024, e consolida a nova etapa da parceria entre o vocalista Chris Barnes e o guitarrista Jack Owen (tamb\u00e9m ex-Cannibal Corpse), dois m\u00fasicos que participaram de cap\u00edtulos centrais da forma\u00e7\u00e3o do death metal norte-americano.\n\nFormado em Tampa, na Fl\u00f3rida, em 1993, o Six Feet Under nasceu como projeto paralelo de Barnes durante seus \u00faltimos anos no Cannibal Corpse.\n\nSaiba todos os detalhes em www.heavymetalonline.com.br\n\nRealiza\u00e7\u00e3o: @venusconcerts &amp; @caveiravelhaproducoes\nPress: @tedesco.com.midia\n#deathmetal \n#sixfeetunder\n#heavymetalonline\">\n        <\/a>\n    <\/div>\n<\/div>    <\/div>\n\n\t<div id=\"sbi_load\" >\n\n\t\t\t<a class=\"sbi_load_btn\" href=\"javascript:void(0);\">\n\t\t\t<span class=\"sbi_btn_text\">Carregar mais<\/span>\n\t\t\t<span class=\"sbi_loader sbi_hidden\" style=\"background-color: rgb(255, 255, 255);\" aria-hidden=\"true\"><\/span>\n\t\t<\/a>\n\t\n\t\t\t<span class=\"sbi_follow_btn sbi_custom\">\n        <a href=\"https:\/\/www.instagram.com\/heavy_metal_on_line\/\" style=\"background: rgb(64,139,209);\" target=\"_blank\" rel=\"nofollow noopener\">\n            <svg class=\"svg-inline--fa fa-instagram fa-w-14\" aria-hidden=\"true\" data-fa-processed=\"\" aria-label=\"Instagram\" data-prefix=\"fab\" data-icon=\"instagram\" role=\"img\" viewBox=\"0 0 448 512\">\n\t                <path fill=\"currentColor\" d=\"M224.1 141c-63.6 0-114.9 51.3-114.9 114.9s51.3 114.9 114.9 114.9S339 319.5 339 255.9 287.7 141 224.1 141zm0 189.6c-41.1 0-74.7-33.5-74.7-74.7s33.5-74.7 74.7-74.7 74.7 33.5 74.7 74.7-33.6 74.7-74.7 74.7zm146.4-194.3c0 14.9-12 26.8-26.8 26.8-14.9 0-26.8-12-26.8-26.8s12-26.8 26.8-26.8 26.8 12 26.8 26.8zm76.1 27.2c-1.7-35.9-9.9-67.7-36.2-93.9-26.2-26.2-58-34.4-93.9-36.2-37-2.1-147.9-2.1-184.9 0-35.8 1.7-67.6 9.9-93.9 36.1s-34.4 58-36.2 93.9c-2.1 37-2.1 147.9 0 184.9 1.7 35.9 9.9 67.7 36.2 93.9s58 34.4 93.9 36.2c37 2.1 147.9 2.1 184.9 0 35.9-1.7 67.7-9.9 93.9-36.2 26.2-26.2 34.4-58 36.2-93.9 2.1-37 2.1-147.8 0-184.8zM398.8 388c-7.8 19.6-22.9 34.7-42.6 42.6-29.5 11.7-99.5 9-132.1 9s-102.7 2.6-132.1-9c-19.6-7.8-34.7-22.9-42.6-42.6-11.7-29.5-9-99.5-9-132.1s-2.6-102.7 9-132.1c7.8-19.6 22.9-34.7 42.6-42.6 29.5-11.7 99.5-9 132.1-9s102.7-2.6 132.1 9c19.6 7.8 34.7 22.9 42.6 42.6 11.7 29.5 9 99.5 9 132.1s2.7 102.7-9 132.1z\"><\/path>\n\t            <\/svg>            <span>Seguir no Instagram<\/span>\n        <\/a>\n    <\/span>\n\t\n<\/div>\n\n\t    <span class=\"sbi_resized_image_data\" data-feed-id=\"*1\" data-resized=\"{&quot;17871743334606893&quot;:{&quot;id&quot;:&quot;681554598_18589998013033478_2070544780510633415_n&quot;,&quot;ratio&quot;:&quot;1.00&quot;,&quot;sizes&quot;:{&quot;full&quot;:640,&quot;low&quot;:320,&quot;thumb&quot;:150},&quot;extension&quot;:&quot;.webp&quot;},&quot;17883494853397439&quot;:{&quot;id&quot;:&quot;686992179_18590333611033478_656272951330474117_n.heic&quot;,&quot;ratio&quot;:&quot;1.91&quot;,&quot;sizes&quot;:{&quot;full&quot;:640,&quot;low&quot;:320,&quot;thumb&quot;:150},&quot;extension&quot;:&quot;.webp&quot;},&quot;18088804643015772&quot;:{&quot;id&quot;:&quot;684670186_18590533309033478_7669082507048156873_n&quot;,&quot;ratio&quot;:&quot;0.56&quot;,&quot;sizes&quot;:{&quot;full&quot;:640,&quot;low&quot;:320,&quot;thumb&quot;:150},&quot;extension&quot;:&quot;.webp&quot;},&quot;18044371508555566&quot;:{&quot;id&quot;:&quot;686180236_805977852307470_1716375522727019684_n&quot;,&quot;ratio&quot;:&quot;0.56&quot;,&quot;sizes&quot;:{&quot;full&quot;:640,&quot;low&quot;:320,&quot;thumb&quot;:150},&quot;extension&quot;:&quot;.webp&quot;}}\">\n\t<\/span>\n\t<\/div>\n\n","protected":false},"excerpt":{"rendered":"","protected":false},"author":1,"featured_media":0,"parent":0,"menu_order":0,"comment_status":"closed","ping_status":"closed","template":"","meta":{"footnotes":""},"class_list":["post-30966","page","type-page","status-publish","hentry"],"_links":{"self":[{"href":"https:\/\/heavymetalonline.com.br\/index.php?rest_route=\/wp\/v2\/pages\/30966","targetHints":{"allow":["GET"]}}],"collection":[{"href":"https:\/\/heavymetalonline.com.br\/index.php?rest_route=\/wp\/v2\/pages"}],"about":[{"href":"https:\/\/heavymetalonline.com.br\/index.php?rest_route=\/wp\/v2\/types\/page"}],"author":[{"embeddable":true,"href":"https:\/\/heavymetalonline.com.br\/index.php?rest_route=\/wp\/v2\/users\/1"}],"replies":[{"embeddable":true,"href":"https:\/\/heavymetalonline.com.br\/index.php?rest_route=%2Fwp%2Fv2%2Fcomments&post=30966"}],"version-history":[{"count":4,"href":"https:\/\/heavymetalonline.com.br\/index.php?rest_route=\/wp\/v2\/pages\/30966\/revisions"}],"predecessor-version":[{"id":30971,"href":"https:\/\/heavymetalonline.com.br\/index.php?rest_route=\/wp\/v2\/pages\/30966\/revisions\/30971"}],"wp:attachment":[{"href":"https:\/\/heavymetalonline.com.br\/index.php?rest_route=%2Fwp%2Fv2%2Fmedia&parent=30966"}],"curies":[{"name":"wp","href":"https:\/\/api.w.org\/{rel}","templated":true}]}}